{"id":131,"date":"2025-11-19T18:46:12","date_gmt":"2025-11-19T21:46:12","guid":{"rendered":"https:\/\/amepay.evaassessoria.com.br\/?page_id=131"},"modified":"2025-11-19T22:21:14","modified_gmt":"2025-11-20T01:21:14","slug":"como-funciona","status":"publish","type":"page","link":"https:\/\/amepay.evaassessoria.com.br\/?page_id=131","title":{"rendered":"Como Funciona"},"content":{"rendered":"\t\t<div data-elementor-type=\"wp-page\" data-elementor-id=\"131\" class=\"elementor elementor-131\" data-elementor-post-type=\"page\">\n\t\t\t\t<div class=\"elementor-element elementor-element-d14dd4b e-flex e-con-boxed e-con e-parent\" data-id=\"d14dd4b\" data-element_type=\"container\" data-e-type=\"container\">\n\t\t\t\t\t<div class=\"e-con-inner\">\n\t\t<div class=\"elementor-element elementor-element-2b0cc38 e-con-full e-flex e-con e-child\" data-id=\"2b0cc38\" data-element_type=\"container\" data-e-type=\"container\">\n\t\t\t\t<div class=\"elementor-element elementor-element-36ff1d9 elementor-hidden-tablet elementor-hidden-mobile elementor-widget-divider--view-line elementor-widget elementor-widget-divider\" data-id=\"36ff1d9\" data-element_type=\"widget\" data-e-type=\"widget\" data-widget_type=\"divider.default\">\n\t\t\t\t\t\t\t<div class=\"elementor-divider\">\n\t\t\t<span class=\"elementor-divider-separator\">\n\t\t\t\t\t\t<\/span>\n\t\t<\/div>\n\t\t\t\t\t\t<\/div>\n\t\t\t\t<div class=\"elementor-element elementor-element-0edf122 elementor-widget elementor-widget-heading\" data-id=\"0edf122\" data-element_type=\"widget\" data-e-type=\"widget\" data-widget_type=\"heading.default\">\n\t\t\t\t\t<h2 class=\"elementor-heading-title elementor-size-default\">Como a Ame Pay Funciona<\/h2>\t\t\t\t<\/div>\n\t\t\t\t<div class=\"elementor-element elementor-element-fde82f8 elementor-widget elementor-widget-text-editor\" data-id=\"fde82f8\" data-element_type=\"widget\" data-e-type=\"widget\" data-widget_type=\"text-editor.default\">\n\t\t\t\t\t\t\t\t\t<p data-start=\"450\" data-end=\"655\">Basta criar sua conta pelo app, validar seus dados e come\u00e7ar a usar. Voc\u00ea movimenta seu dinheiro, faz transfer\u00eancias, recebe pagamentos e acompanha tudo em tempo real \u2014 com seguran\u00e7a e total transpar\u00eancia.<\/p>\t\t\t\t\t\t\t\t<\/div>\n\t\t\t\t<\/div>\n\t\t\t\t\t<\/div>\n\t\t\t\t<\/div>\n\t\t<div class=\"elementor-element elementor-element-e36e688 e-flex e-con-boxed e-con e-parent\" data-id=\"e36e688\" data-element_type=\"container\" data-e-type=\"container\">\n\t\t\t\t\t<div class=\"e-con-inner\">\n\t\t<div class=\"elementor-element elementor-element-80a1547 e-con-full e-flex e-con e-child\" data-id=\"80a1547\" data-element_type=\"container\" data-e-type=\"container\" data-settings=\"{&quot;background_background&quot;:&quot;classic&quot;}\">\n\t\t<div class=\"elementor-element elementor-element-53fb9c6 e-con-full e-flex e-con e-child\" data-id=\"53fb9c6\" data-element_type=\"container\" data-e-type=\"container\">\n\t\t<div class=\"elementor-element elementor-element-b67e34c e-con-full e-flex elementor-invisible e-con e-child\" data-id=\"b67e34c\" data-element_type=\"container\" data-e-type=\"container\" data-settings=\"{&quot;background_background&quot;:&quot;classic&quot;,&quot;animation&quot;:&quot;bounceIn&quot;}\">\n\t\t\t\t<div class=\"elementor-element elementor-element-74cca7f elementor-widget elementor-widget-heading\" data-id=\"74cca7f\" data-element_type=\"widget\" data-e-type=\"widget\" data-widget_type=\"heading.default\">\n\t\t\t\t\t<h2 class=\"elementor-heading-title elementor-size-default\">Abra sua conta<\/h2>\t\t\t\t<\/div>\n\t\t\t\t<div class=\"elementor-element elementor-element-b78ce5f elementor-widget elementor-widget-text-editor\" data-id=\"b78ce5f\" data-element_type=\"widget\" data-e-type=\"widget\" data-widget_type=\"text-editor.default\">\n\t\t\t\t\t\t\t\t\t<p data-start=\"158\" data-end=\"339\">Cadastre-se pelo aplicativo ou site e ative sua conta em poucos minutos.<\/p>\t\t\t\t\t\t\t\t<\/div>\n\t\t\t\t<\/div>\n\t\t<div class=\"elementor-element elementor-element-a1406cc e-con-full e-flex elementor-invisible e-con e-child\" data-id=\"a1406cc\" data-element_type=\"container\" data-e-type=\"container\" data-settings=\"{&quot;background_background&quot;:&quot;classic&quot;,&quot;animation&quot;:&quot;bounceIn&quot;}\">\n\t\t\t\t<div class=\"elementor-element elementor-element-481483b elementor-widget elementor-widget-heading\" data-id=\"481483b\" data-element_type=\"widget\" data-e-type=\"widget\" data-widget_type=\"heading.default\">\n\t\t\t\t\t<h2 class=\"elementor-heading-title elementor-size-default\">Use como quiser<\/h2>\t\t\t\t<\/div>\n\t\t\t\t<div class=\"elementor-element elementor-element-7e2d840 elementor-widget elementor-widget-text-editor\" data-id=\"7e2d840\" data-element_type=\"widget\" data-e-type=\"widget\" data-widget_type=\"text-editor.default\">\n\t\t\t\t\t\t\t\t\t<p data-start=\"359\" data-end=\"531\">Com sua conta ativa, voc\u00ea pode: Realizar pagamentos,\u00a0 Emitir boletos Fazer, transfer\u00eancias Receber PIX, Pagar com cart\u00e3o, Organizar cobran\u00e7as de clientes<\/p>\t\t\t\t\t\t\t\t<\/div>\n\t\t\t\t<\/div>\n\t\t<div class=\"elementor-element elementor-element-afe3df3 e-con-full e-flex elementor-invisible e-con e-child\" data-id=\"afe3df3\" data-element_type=\"container\" data-e-type=\"container\" data-settings=\"{&quot;background_background&quot;:&quot;classic&quot;,&quot;animation&quot;:&quot;bounceIn&quot;}\">\n\t\t\t\t<div class=\"elementor-element elementor-element-d74a8fe elementor-widget elementor-widget-heading\" data-id=\"d74a8fe\" data-element_type=\"widget\" data-e-type=\"widget\" data-widget_type=\"heading.default\">\n\t\t\t\t\t<h2 class=\"elementor-heading-title elementor-size-default\">Controle tudo em tempo real<\/h2>\t\t\t\t<\/div>\n\t\t\t\t<div class=\"elementor-element elementor-element-f109af5 elementor-widget elementor-widget-text-editor\" data-id=\"f109af5\" data-element_type=\"widget\" data-e-type=\"widget\" data-widget_type=\"text-editor.default\">\n\t\t\t\t\t\t\t\t\t<p data-start=\"359\" data-end=\"531\">Acompanhe saldo, hist\u00f3rico, faturas e cobran\u00e7as direto no aplicativo com total transpar\u00eancia.<\/p>\t\t\t\t\t\t\t\t<\/div>\n\t\t\t\t<\/div>\n\t\t\t\t<\/div>\n\t\t\t\t<\/div>\n\t\t\t\t\t<\/div>\n\t\t\t\t<\/div>\n\t\t<div class=\"elementor-element elementor-element-12137de e-flex e-con-boxed e-con e-parent\" data-id=\"12137de\" data-element_type=\"container\" data-e-type=\"container\">\n\t\t\t\t\t<div class=\"e-con-inner\">\n\t\t<div class=\"elementor-element elementor-element-0650589 e-con-full e-flex e-con e-child\" data-id=\"0650589\" data-element_type=\"container\" data-e-type=\"container\" data-settings=\"{&quot;background_background&quot;:&quot;classic&quot;}\">\n\t\t<div class=\"elementor-element elementor-element-2343147 e-con-full e-flex e-con e-child\" data-id=\"2343147\" data-element_type=\"container\" data-e-type=\"container\">\n\t\t<div class=\"elementor-element elementor-element-5f0fb0f e-con-full e-flex elementor-invisible e-con e-child\" data-id=\"5f0fb0f\" data-element_type=\"container\" data-e-type=\"container\" data-settings=\"{&quot;background_background&quot;:&quot;classic&quot;,&quot;animation&quot;:&quot;bounceIn&quot;}\">\n\t\t\t\t<div class=\"elementor-element elementor-element-068b129 elementor-widget elementor-widget-heading\" data-id=\"068b129\" data-element_type=\"widget\" data-e-type=\"widget\" data-widget_type=\"heading.default\">\n\t\t\t\t\t<h2 class=\"elementor-heading-title elementor-size-default\">Seguran\u00e7a avan\u00e7ada<\/h2>\t\t\t\t<\/div>\n\t\t\t\t<div class=\"elementor-element elementor-element-22bee06 elementor-widget elementor-widget-text-editor\" data-id=\"22bee06\" data-element_type=\"widget\" data-e-type=\"widget\" data-widget_type=\"text-editor.default\">\n\t\t\t\t\t\t\t\t\t<p data-start=\"158\" data-end=\"339\">Suas informa\u00e7\u00f5es s\u00e3o protegidas por criptografia, autentica\u00e7\u00e3o e monitoramento 24h.<\/p>\t\t\t\t\t\t\t\t<\/div>\n\t\t\t\t<\/div>\n\t\t<div class=\"elementor-element elementor-element-589cbaf e-con-full e-flex elementor-invisible e-con e-child\" data-id=\"589cbaf\" data-element_type=\"container\" data-e-type=\"container\" data-settings=\"{&quot;background_background&quot;:&quot;classic&quot;,&quot;animation&quot;:&quot;bounceIn&quot;}\">\n\t\t\t\t<div class=\"elementor-element elementor-element-9d30061 elementor-widget elementor-widget-text-editor\" data-id=\"9d30061\" data-element_type=\"widget\" data-e-type=\"widget\" data-widget_type=\"text-editor.default\">\n\t\t\t\t\t\t\t\t\t<p data-start=\"158\" data-end=\"339\">A Ame Pay funciona para pessoas f\u00edsicas, MEIs, empreendedores e empresas que precisam de uma solu\u00e7\u00e3o financeira moderna e eficiente.<\/p>\t\t\t\t\t\t\t\t<\/div>\n\t\t\t\t<\/div>\n\t\t<div class=\"elementor-element elementor-element-ec1c0ea e-con-full e-flex elementor-invisible e-con e-child\" data-id=\"ec1c0ea\" data-element_type=\"container\" data-e-type=\"container\" data-settings=\"{&quot;background_background&quot;:&quot;classic&quot;,&quot;animation&quot;:&quot;bounceIn&quot;}\">\n\t\t\t\t<\/div>\n\t\t\t\t<\/div>\n\t\t\t\t<\/div>\n\t\t\t\t\t<\/div>\n\t\t\t\t<\/div>\n\t\t<div class=\"elementor-element elementor-element-52a834e e-flex e-con-boxed e-con e-parent\" data-id=\"52a834e\" data-element_type=\"container\" data-e-type=\"container\" data-settings=\"{&quot;background_background&quot;:&quot;classic&quot;}\">\n\t\t\t\t\t<div class=\"e-con-inner\">\n\t\t<div class=\"elementor-element elementor-element-a7a8d33 e-con-full e-flex e-con e-child\" data-id=\"a7a8d33\" data-element_type=\"container\" data-e-type=\"container\">\n\t\t\t\t<div class=\"elementor-element elementor-element-d65f6c4 elementor-absolute elementor-invisible elementor-widget elementor-widget-image\" data-id=\"d65f6c4\" data-element_type=\"widget\" data-e-type=\"widget\" data-settings=\"{&quot;_position&quot;:&quot;absolute&quot;,&quot;_animation&quot;:&quot;fadeIn&quot;}\" data-widget_type=\"image.default\">\n\t\t\t\t\t\t\t\t\t\t\t\t\t\t\t<img fetchpriority=\"high\" decoding=\"async\" width=\"408\" height=\"496\" src=\"https:\/\/amepay.evaassessoria.com.br\/wp-content\/uploads\/2025\/11\/novameplay.png\" class=\"attachment-full size-full wp-image-184\" alt=\"\" srcset=\"https:\/\/amepay.evaassessoria.com.br\/wp-content\/uploads\/2025\/11\/novameplay.png 408w, https:\/\/amepay.evaassessoria.com.br\/wp-content\/uploads\/2025\/11\/novameplay-247x300.png 247w\" sizes=\"(max-width: 408px) 100vw, 408px\" \/>\t\t\t\t\t\t\t\t\t\t\t\t\t\t\t<\/div>\n\t\t\t\t<\/div>\n\t\t<div class=\"elementor-element elementor-element-e9b3973 e-con-full e-flex e-con e-child\" data-id=\"e9b3973\" data-element_type=\"container\" data-e-type=\"container\">\n\t\t\t\t<div class=\"elementor-element elementor-element-8fe6d96 elementor-widget elementor-widget-heading\" data-id=\"8fe6d96\" data-element_type=\"widget\" data-e-type=\"widget\" data-widget_type=\"heading.default\">\n\t\t\t\t\t<h2 class=\"elementor-heading-title elementor-size-default\">Baixe o App Ame Pay<\/h2>\t\t\t\t<\/div>\n\t\t\t\t<div class=\"elementor-element elementor-element-cfe41d5 elementor-widget elementor-widget-text-editor\" data-id=\"cfe41d5\" data-element_type=\"widget\" data-e-type=\"widget\" data-widget_type=\"text-editor.default\">\n\t\t\t\t\t\t\t\t\t<p data-start=\"185\" data-end=\"397\">Tenha sua vida financeira na palma da m\u00e3o. Baixe o app Ame Pay e abra sua conta digital em minutos para pagar, receber, organizar cobran\u00e7as e acompanhar tudo em tempo real \u2014 simples, r\u00e1pido e seguro.<\/p>\t\t\t\t\t\t\t\t<\/div>\n\t\t\t\t<div class=\"elementor-element elementor-element-423ffa0 elementor-widget elementor-widget-image\" data-id=\"423ffa0\" data-element_type=\"widget\" data-e-type=\"widget\" data-widget_type=\"image.default\">\n\t\t\t\t\t\t\t\t\t\t\t\t\t\t\t<img decoding=\"async\" width=\"349\" height=\"51\" src=\"https:\/\/amepay.evaassessoria.com.br\/wp-content\/uploads\/2025\/11\/Daco_4108569-1.png\" class=\"attachment-large size-large wp-image-37\" alt=\"\" srcset=\"https:\/\/amepay.evaassessoria.com.br\/wp-content\/uploads\/2025\/11\/Daco_4108569-1.png 349w, https:\/\/amepay.evaassessoria.com.br\/wp-content\/uploads\/2025\/11\/Daco_4108569-1-300x44.png 300w\" sizes=\"(max-width: 349px) 100vw, 349px\" \/>\t\t\t\t\t\t\t\t\t\t\t\t\t\t\t<\/div>\n\t\t\t\t<\/div>\n\t\t\t\t\t<\/div>\n\t\t\t\t<\/div>\n\t\t\t\t<\/div>\n\t\t","protected":false},"excerpt":{"rendered":"<p>Como a Ame Pay Funciona Basta criar sua conta pelo app, validar seus dados e come\u00e7ar a usar. Voc\u00ea movimenta seu dinheiro, faz transfer\u00eancias, recebe pagamentos e acompanha tudo em tempo real \u2014 com seguran\u00e7a e total transpar\u00eancia. Abra sua conta Cadastre-se pelo aplicativo ou site e ative sua conta em poucos minutos. Use como [&hellip;]<\/p>\n","protected":false},"author":1,"featured_media":0,"parent":0,"menu_order":0,"comment_status":"closed","ping_status":"closed","template":"elementor_canvas","meta":{"footnotes":""},"class_list":["post-131","page","type-page","status-publish","hentry"],"_links":{"self":[{"href":"https:\/\/amepay.evaassessoria.com.br\/index.php?rest_route=\/wp\/v2\/pages\/131","targetHints":{"allow":["GET"]}}],"collection":[{"href":"https:\/\/amepay.evaassessoria.com.br\/index.php?rest_route=\/wp\/v2\/pages"}],"about":[{"href":"https:\/\/amepay.evaassessoria.com.br\/index.php?rest_route=\/wp\/v2\/types\/page"}],"author":[{"embeddable":true,"href":"https:\/\/amepay.evaassessoria.com.br\/index.php?rest_route=\/wp\/v2\/users\/1"}],"replies":[{"embeddable":true,"href":"https:\/\/amepay.evaassessoria.com.br\/index.php?rest_route=%2Fwp%2Fv2%2Fcomments&post=131"}],"version-history":[{"count":7,"href":"https:\/\/amepay.evaassessoria.com.br\/index.php?rest_route=\/wp\/v2\/pages\/131\/revisions"}],"predecessor-version":[{"id":250,"href":"https:\/\/amepay.evaassessoria.com.br\/index.php?rest_route=\/wp\/v2\/pages\/131\/revisions\/250"}],"wp:attachment":[{"href":"https:\/\/amepay.evaassessoria.com.br\/index.php?rest_route=%2Fwp%2Fv2%2Fmedia&parent=131"}],"curies":[{"name":"wp","href":"https:\/\/api.w.org\/{rel}","templated":true}]}}